{"id":313,"date":"2024-04-15T14:55:53","date_gmt":"2024-04-15T12:55:53","guid":{"rendered":"https:\/\/project.ufb.be\/hulp-aanvragen-voorwaarden-om-een-financiele-steun-te-bekomen\/"},"modified":"2024-10-10T12:17:41","modified_gmt":"2024-10-10T10:17:41","slug":"hulp-aanvragen-voorwaarden-om-een-financiele-steun-te-bekomen","status":"publish","type":"page","link":"https:\/\/project.ufb.be\/nl\/hulp-aanvragen-voorwaarden-om-een-financiele-steun-te-bekomen\/","title":{"rendered":"Hulp aanvragen &#8211; Voorwaarden om een financi\u00eble steun te bekomen"},"content":{"rendered":"\t\t<div data-elementor-type=\"wp-page\" data-elementor-id=\"313\" class=\"elementor elementor-313 elementor-71\" data-elementor-post-type=\"page\">\n\t\t\t\t<div class=\"elementor-element elementor-element-78a8ba7 title-section without-line e-flex e-con-boxed e-con e-parent\" data-id=\"78a8ba7\" data-element_type=\"container\" data-e-type=\"container\">\n\t\t\t\t\t<div class=\"e-con-inner\">\n\t\t\t\t<div class=\"elementor-element elementor-element-ba0f20f elementor-widget elementor-widget-heading\" data-id=\"ba0f20f\" data-element_type=\"widget\" data-e-type=\"widget\" data-widget_type=\"heading.default\">\n\t\t\t\t<div class=\"elementor-widget-container\">\n\t\t\t\t\t<h1 class=\"elementor-heading-title elementor-size-default\">Wie kan hulp aanvragen bij United Fund for Belgium ?<\/h1>\t\t\t\t<\/div>\n\t\t\t\t<\/div>\n\t\t\t\t<div class=\"elementor-element elementor-element-e2e05ef elementor-widget elementor-widget-text-editor\" data-id=\"e2e05ef\" data-element_type=\"widget\" data-e-type=\"widget\" data-widget_type=\"text-editor.default\">\n\t\t\t\t<div class=\"elementor-widget-container\">\n\t\t\t\t\t\t\t\t\t<p><strong>United Fund for Belgium een Belgischen non-profitorganisatie. Haar missie is om mensen in nood te helpen door projecten van verenigingen in Belgi\u00eb te financieren, dankzij giften die worden ingezameld bij bedrijven en particulieren. De doelstelling van UFB is om de sociale integratie in Belgi\u00eb te verbeteren door te investeren in materi\u00eble projecten die een directe impact hebben op de begunstigden Daarnaast geven we de voorkeur aan projecten die in hun geheel kunnen worden gefinancierd.<\/strong><\/p>\n<p>United Fund for Belgium wil uitsluiting tegengaan door bij te dragen aan sociale integratie, want een samenleving die die naam waardig is moet zoveel mogelijk mensen gelijke kansen bieden.<\/p>\n\t\t\t\t\t\t\t\t<\/div>\n\t\t\t\t<\/div>\n\t\t\t\t<div class=\"elementor-element elementor-element-f01280f elementor-widget elementor-widget-heading\" data-id=\"f01280f\" data-element_type=\"widget\" data-e-type=\"widget\" data-widget_type=\"heading.default\">\n\t\t\t\t<div class=\"elementor-widget-container\">\n\t\t\t\t\t<h2 class=\"elementor-heading-title elementor-size-default\">Hoe gaan we te werk?<\/h2>\t\t\t\t<\/div>\n\t\t\t\t<\/div>\n\t\t<div class=\"elementor-element elementor-element-ac8e49c e-con-full e-flex e-con e-child\" data-id=\"ac8e49c\" data-element_type=\"container\" data-e-type=\"container\">\n\t\t<div class=\"elementor-element elementor-element-b5e8f18 e-con-full e-flex e-con e-child\" data-id=\"b5e8f18\" data-element_type=\"container\" data-e-type=\"container\" data-settings=\"{&quot;background_background&quot;:&quot;classic&quot;}\">\n\t\t\t\t<div class=\"elementor-element elementor-element-831b7b3 specically-icon elementor-widget elementor-widget-image\" data-id=\"831b7b3\" data-element_type=\"widget\" data-e-type=\"widget\" data-widget_type=\"image.default\">\n\t\t\t\t<div class=\"elementor-widget-container\">\n\t\t\t\t\t\t\t\t\t\t\t\t\t\t\t<img decoding=\"async\" src=\"https:\/\/project.ufb.be\/wp-content\/uploads\/help-kids.svg\" title=\"help-kids.svg\" alt=\"help-kids.svg\" loading=\"lazy\" \/>\t\t\t\t\t\t\t\t\t\t\t\t\t\t\t<\/div>\n\t\t\t\t<\/div>\n\t\t\t\t<div class=\"elementor-element elementor-element-ee1933b specically-text specically-text-1 elementor-widget elementor-widget-text-editor\" data-id=\"ee1933b\" data-element_type=\"widget\" data-e-type=\"widget\" data-widget_type=\"text-editor.default\">\n\t\t\t\t<div class=\"elementor-widget-container\">\n\t\t\t\t\t\t\t\t\t<p>Door bij te dragen aan het welzijn van elk kind<\/p>\n\t\t\t\t\t\t\t\t<\/div>\n\t\t\t\t<\/div>\n\t\t\t\t<\/div>\n\t\t<div class=\"elementor-element elementor-element-62d47a1 e-con-full e-flex e-con e-child\" data-id=\"62d47a1\" data-element_type=\"container\" data-e-type=\"container\" data-settings=\"{&quot;background_background&quot;:&quot;classic&quot;}\">\n\t\t\t\t<div class=\"elementor-element elementor-element-f477d2f specically-icon elementor-widget elementor-widget-image\" data-id=\"f477d2f\" data-element_type=\"widget\" data-e-type=\"widget\" data-widget_type=\"image.default\">\n\t\t\t\t<div class=\"elementor-widget-container\">\n\t\t\t\t\t\t\t\t\t\t\t\t\t\t\t<img decoding=\"async\" src=\"https:\/\/project.ufb.be\/wp-content\/uploads\/help-dishability.svg\" title=\"help-dishability.svg\" alt=\"help-dishability.svg\" loading=\"lazy\" \/>\t\t\t\t\t\t\t\t\t\t\t\t\t\t\t<\/div>\n\t\t\t\t<\/div>\n\t\t\t\t<div class=\"elementor-element elementor-element-be9c605 specically-text specically-text-2 elementor-widget elementor-widget-text-editor\" data-id=\"be9c605\" data-element_type=\"widget\" data-e-type=\"widget\" data-widget_type=\"text-editor.default\">\n\t\t\t\t<div class=\"elementor-widget-container\">\n\t\t\t\t\t\t\t\t\t<p>Door mensen met en zonder handicap te helpen<\/p>\n\t\t\t\t\t\t\t\t<\/div>\n\t\t\t\t<\/div>\n\t\t\t\t<\/div>\n\t\t<div class=\"elementor-element elementor-element-a72e3bd e-con-full e-flex e-con e-child\" data-id=\"a72e3bd\" data-element_type=\"container\" data-e-type=\"container\" data-settings=\"{&quot;background_background&quot;:&quot;classic&quot;}\">\n\t\t\t\t<div class=\"elementor-element elementor-element-825ea13 specically-icon elementor-widget elementor-widget-image\" data-id=\"825ea13\" data-element_type=\"widget\" data-e-type=\"widget\" data-widget_type=\"image.default\">\n\t\t\t\t<div class=\"elementor-widget-container\">\n\t\t\t\t\t\t\t\t\t\t\t\t\t\t\t<img decoding=\"async\" src=\"https:\/\/project.ufb.be\/wp-content\/uploads\/help-diversity.svg\" title=\"help-diversity.svg\" alt=\"help-diversity.svg\" loading=\"lazy\" \/>\t\t\t\t\t\t\t\t\t\t\t\t\t\t\t<\/div>\n\t\t\t\t<\/div>\n\t\t\t\t<div class=\"elementor-element elementor-element-aa791b1 specically-text specically-text-3 elementor-widget elementor-widget-text-editor\" data-id=\"aa791b1\" data-element_type=\"widget\" data-e-type=\"widget\" data-widget_type=\"text-editor.default\">\n\t\t\t\t<div class=\"elementor-widget-container\">\n\t\t\t\t\t\t\t\t\t<p>Door de armoede te bestrijden<\/p>\n\t\t\t\t\t\t\t\t<\/div>\n\t\t\t\t<\/div>\n\t\t\t\t<\/div>\n\t\t\t\t<\/div>\n\t\t\t\t<div class=\"elementor-element elementor-element-12d82c7 elementor-widget elementor-widget-text-editor\" data-id=\"12d82c7\" data-element_type=\"widget\" data-e-type=\"widget\" data-widget_type=\"text-editor.default\">\n\t\t\t\t<div class=\"elementor-widget-container\">\n\t\t\t\t\t\t\t\t\t<p>Tijdens de campagne 2019-2020 heeft onze actie 773.000 \u20ac opgehaald die 81 verschillende verenigingen in Belgi\u00eb gesteund hebben. Wij herinneren u eraan dat United Fund for Belgium het geld niet rechtstreeks ter beschikking stelt van de begunstigden, maar dat we de gemaakte kosten vergoeden op de bankrekening van de vzw wanneer het geselecteerde project met succes is afgerond. UFB vergoedt alleen facturen die opgemaakt zijn na kennisgeving van de aanvaarding van de financi\u00eble steun. Facturen die v\u00f3\u00f3r deze goedkeuring zijn gedateerd, worden dus niet aanvaard.<\/p>\n<p>Aanvragen kunnen het hele jaar door worden ingediend. De tijd tussen het indienen van uw aanvraag en de goedkeuring ervan kan tot zes maanden in beslag nemen.<\/p>\n\t\t\t\t\t\t\t\t<\/div>\n\t\t\t\t<\/div>\n\t\t\t\t<div class=\"elementor-element elementor-element-402c1f8 elementor-widget elementor-widget-heading\" data-id=\"402c1f8\" data-element_type=\"widget\" data-e-type=\"widget\" data-widget_type=\"heading.default\">\n\t\t\t\t<div class=\"elementor-widget-container\">\n\t\t\t\t\t<h2 class=\"elementor-heading-title elementor-size-default\">Wie kan zich aanmelden?<\/h2>\t\t\t\t<\/div>\n\t\t\t\t<\/div>\n\t\t\t\t<div class=\"elementor-element elementor-element-1e693ff elementor-widget elementor-widget-text-editor\" data-id=\"1e693ff\" data-element_type=\"widget\" data-e-type=\"widget\" data-widget_type=\"text-editor.default\">\n\t\t\t\t<div class=\"elementor-widget-container\">\n\t\t\t\t\t\t\t\t\t<p>Ons sociale integratieproces omvat alle generaties, mensen met een handicap, maar ook mensen van alle socio-economische achtergronden. We helpen ook Belgische bedrijven die maatschappelijke doelen willen ondersteunen, of die in contact willen komen met \u00e9\u00e9n of meerdere lokale projecten. Op deze manier stellen we donateurs, vrijwilligers en hun betrokken partijen in staat om een concrete en duurzame sociale impact te hebben en een gemeenschapsgevoel op lokaal niveau te cre\u00ebren.<\/p>\n<p>Projecten met een cultureel, politiek of religieus karakter zijn automatisch uitgesloten van ons werkterrein. Ook financieren we geen scholen of ziekenhuizen of andere door de overheid gesubsidieerde vzw\u2019s die buiten de sociale sector actief zijn (bijvoorbeeld instellingen van wetenschappelijk onderzoek).<\/p>\n<p>United Fund for Belgium financiert ook geen grote bouw- of renovatieprojecten. We treden ook niet op voor organisaties die zelf grote fondsenwervingacties ondernemen.<\/p>\n\t\t\t\t\t\t\t\t<\/div>\n\t\t\t\t<\/div>\n\t\t\t\t<div class=\"elementor-element elementor-element-6f57600 elementor-widget elementor-widget-text-editor\" data-id=\"6f57600\" data-element_type=\"widget\" data-e-type=\"widget\" data-widget_type=\"text-editor.default\">\n\t\t\t\t<div class=\"elementor-widget-container\">\n\t\t\t\t\t\t\t\t\t<p>United Fund for Belgium kan financi\u00eble steun verlenen aan alle sociale non-profit organisaties en -verenigingen (vzw\u2019s) naar Belgisch recht die aan de volgende voorwaarden voldoen:<\/p>\n\t\t\t\t\t\t\t\t<\/div>\n\t\t\t\t<\/div>\n\t\t\t\t<div class=\"elementor-element elementor-element-163ebc3 numAPO elementor-widget elementor-widget-text-editor\" data-id=\"163ebc3\" data-element_type=\"widget\" data-e-type=\"widget\" data-widget_type=\"text-editor.default\">\n\t\t\t\t<div class=\"elementor-widget-container\">\n\t\t\t\t\t\t\t\t\t<ol class=\"numAPO\">\n<li><span style=\"font-weight: 400;\">Een Belgische vzw zijn die in Belgi\u00eb actief is.<\/span><\/li>\n<li><span style=\"font-weight: 400;\">Beschikken over een materieel, concreet en gedetailleerd project met als doel het leven en\/of de leefomgeving van de begunstigden van het initiatief te verbeteren.<\/span><\/li>\n<li><span style=\"font-weight: 400;\">Als doel hebben de deelname aan een humanitaire of sociale actie.<\/span><\/li>\n<li><span style=\"font-weight: 400;\">In staat zijn een minimum van drie jaar bestaan aan te tonen vanaf de datum van publicatie van de statuten in het Belgisch Staatsblad, op het ogenblik van de indiening van het dossier.<\/span><\/li>\n<li><span style=\"font-weight: 400;\">De daadwerkelijke uitvoering van het project moet in Belgi\u00eb plaatsvinden. <\/span><\/li>\n<\/ol>\n\t\t\t\t\t\t\t\t<\/div>\n\t\t\t\t<\/div>\n\t\t<div class=\"elementor-element elementor-element-ebcb651 e-flex e-con-boxed e-con e-child\" data-id=\"ebcb651\" data-element_type=\"container\" data-e-type=\"container\" data-settings=\"{&quot;background_background&quot;:&quot;classic&quot;}\">\n\t\t\t\t\t<div class=\"e-con-inner\">\n\t\t\t\t<div class=\"elementor-element elementor-element-89400a6 elementor-widget elementor-widget-heading\" data-id=\"89400a6\" data-element_type=\"widget\" data-e-type=\"widget\" data-widget_type=\"heading.default\">\n\t\t\t\t<div class=\"elementor-widget-container\">\n\t\t\t\t\t<h2 class=\"elementor-heading-title elementor-size-default\">Beperkingen:<\/h2>\t\t\t\t<\/div>\n\t\t\t\t<\/div>\n\t\t\t\t<div class=\"elementor-element elementor-element-847587c avenir-pragraph elementor-widget elementor-widget-text-editor\" data-id=\"847587c\" data-element_type=\"widget\" data-e-type=\"widget\" data-widget_type=\"text-editor.default\">\n\t\t\t\t<div class=\"elementor-widget-container\">\n\t\t\t\t\t\t\t\t\t<p style=\"text-align: left;\">1. Administratieve uitgaven en werkingskosten van de aanvragende vereniging worden niet aanvaard in het kader van de projecten.<\/p>\n<p style=\"text-align: left;\">2. Indien de vereniging reeds een steun van United Fund for Belgium heeft ontvangen, zal zij een periode van 3 jaar vanaf de datum van de offici\u00eble kennisgeving van de vorige steun in acht moeten nemen vooraleer een nieuwe aanvraag in te dienen<\/p>\n<p style=\"text-align: left;\">3. Tussen twee goedgekeurde aanvragen voor de financiering van een voertuig moet echter een periode van 6 jaar verlopen (te rekenen vanaf de datum van offici\u00eble kennisgeving van de eerste schenking).<\/p>\n<p style=\"text-align: left;\">4. United Fund for Belgium komt niet tussenbeide bij de aankoop van een voertuig indien de vereniging meer dan 3 eigen voertuigen bezit. Tenzij het uiteraard gaat om de vervanging van \u00e9\u00e9n van deze 3 voertuigen.<\/p>\n<p style=\"text-align: left;\">5. Indien United Fund for Belgiium reeds een voertuig gefinancierd heeft, moet u 6 jaar wachten vanaf de datum van de offici\u00eble bekendmakingsbrief.van de vorige selectie aanvraag voor financi\u00eble steun vooraleer u een nieuwe aanvraag kan indienen voor de financiereing van een voertuig. <\/p>\n<p style=\"text-align: left;\">6. Maar indien de vereniging een nieuwe aanvraag wilt indienen voor een ander project dan de financiering van een voertuig, dan is de normale periode van 3 jaar van toepassing.<\/p>\n\t\t\t\t\t\t\t\t<\/div>\n\t\t\t\t<\/div>\n\t\t\t\t\t<\/div>\n\t\t\t\t<\/div>\n\t\t<div class=\"elementor-element elementor-element-8b57a00 e-flex e-con-boxed e-con e-child\" data-id=\"8b57a00\" data-element_type=\"container\" data-e-type=\"container\">\n\t\t\t\t\t<div class=\"e-con-inner\">\n\t\t\t\t<div class=\"elementor-element elementor-element-15187dd avenir-pragraph elementor-widget elementor-widget-text-editor\" data-id=\"15187dd\" data-element_type=\"widget\" data-e-type=\"widget\" data-widget_type=\"text-editor.default\">\n\t\t\t\t<div class=\"elementor-widget-container\">\n\t\t\t\t\t\t\t\t\t<p>Heeft u ook een specifiek lokaal integratieproject dat u nauw aan het hart ligt? United Fund for Belgium kan u helpen dit te realiseren Als u aan bovenstaande voorwaarden voldoet, aarzel dan niet om contact met ons op te nemen!<\/p>\n\t\t\t\t\t\t\t\t<\/div>\n\t\t\t\t<\/div>\n\t\t\t\t<div class=\"elementor-element elementor-element-0b27dea elementor-align-center elementor-widget elementor-widget-button\" data-id=\"0b27dea\" data-element_type=\"widget\" data-e-type=\"widget\" data-widget_type=\"button.default\">\n\t\t\t\t<div class=\"elementor-widget-container\">\n\t\t\t\t\t\t\t\t\t<div class=\"elementor-button-wrapper\">\n\t\t\t\t\t<a class=\"elementor-button elementor-button-link elementor-size-sm\" href=\"https:\/\/project.ufb.be\/nl\/\">\n\t\t\t\t\t\t<span class=\"elementor-button-content-wrapper\">\n\t\t\t\t\t\t\t\t\t<span class=\"elementor-button-text\">DIEN UW AANVRAAG IN<\/span>\n\t\t\t\t\t<\/span>\n\t\t\t\t\t<\/a>\n\t\t\t\t<\/div>\n\t\t\t\t\t\t\t\t<\/div>\n\t\t\t\t<\/div>\n\t\t\t\t<div class=\"elementor-element elementor-element-8e00732 help-terms-link elementor-widget elementor-widget-text-editor\" data-id=\"8e00732\" data-element_type=\"widget\" data-e-type=\"widget\" data-widget_type=\"text-editor.default\">\n\t\t\t\t<div class=\"elementor-widget-container\">\n\t\t\t\t\t\t\t\t\t<p><a href=\"\/terms-and-conditions\">Algemene voorwaarden<\/a><\/p>\n\t\t\t\t\t\t\t\t<\/div>\n\t\t\t\t<\/div>\n\t\t\t\t\t<\/div>\n\t\t\t\t<\/div>\n\t\t\t\t\t<\/div>\n\t\t\t\t<\/div>\n\t\t\t\t<\/div>\n\t\t","protected":false},"excerpt":{"rendered":"<p>Wie kan hulp aanvragen bij United Fund for Belgium ? United Fund for Belgium een Belgischen non-profitorganisatie. Haar missie is om mensen in nood te helpen door projecten van verenigingen in Belgi\u00eb te financieren, dankzij giften die worden ingezameld bij bedrijven en particulieren. De doelstelling van UFB is om de sociale integratie in Belgi\u00eb te [&hellip;]<\/p>\n","protected":false},"author":1,"featured_media":0,"parent":0,"menu_order":0,"comment_status":"closed","ping_status":"closed","template":"","meta":{"footnotes":""},"class_list":["post-313","page","type-page","status-publish","hentry"],"_links":{"self":[{"href":"https:\/\/project.ufb.be\/nl\/wp-json\/wp\/v2\/pages\/313","targetHints":{"allow":["GET"]}}],"collection":[{"href":"https:\/\/project.ufb.be\/nl\/wp-json\/wp\/v2\/pages"}],"about":[{"href":"https:\/\/project.ufb.be\/nl\/wp-json\/wp\/v2\/types\/page"}],"author":[{"embeddable":true,"href":"https:\/\/project.ufb.be\/nl\/wp-json\/wp\/v2\/users\/1"}],"replies":[{"embeddable":true,"href":"https:\/\/project.ufb.be\/nl\/wp-json\/wp\/v2\/comments?post=313"}],"version-history":[{"count":2,"href":"https:\/\/project.ufb.be\/nl\/wp-json\/wp\/v2\/pages\/313\/revisions"}],"predecessor-version":[{"id":420,"href":"https:\/\/project.ufb.be\/nl\/wp-json\/wp\/v2\/pages\/313\/revisions\/420"}],"wp:attachment":[{"href":"https:\/\/project.ufb.be\/nl\/wp-json\/wp\/v2\/media?parent=313"}],"curies":[{"name":"wp","href":"https:\/\/api.w.org\/{rel}","templated":true}]}}